{"id":53,"date":"2015-05-25T09:37:52","date_gmt":"2015-05-25T09:37:52","guid":{"rendered":"https:\/\/update2022.annapapst.ch\/?page_id=53"},"modified":"2026-04-30T20:57:43","modified_gmt":"2026-04-30T20:57:43","slug":"53-2","status":"publish","type":"page","link":"https:\/\/annapapst.ch\/?page_id=53","title":{"rendered":"Wer"},"content":{"rendered":"<p><a href=\"https:\/\/annapapst.ch\/wp-content\/uploads\/2022\/01\/MISCHA-CHRISTEN-AnnaPapst-026.jpg\"><img loading=\"lazy\" decoding=\"async\" class=\"alignnone wp-image-870 size-full\" src=\"https:\/\/annapapst.ch\/wp-content\/uploads\/2022\/01\/MISCHA-CHRISTEN-AnnaPapst-026.jpg\" alt=\"\" width=\"1000\" height=\"667\" srcset=\"https:\/\/annapapst.ch\/wp-content\/uploads\/2022\/01\/MISCHA-CHRISTEN-AnnaPapst-026.jpg 1000w, https:\/\/annapapst.ch\/wp-content\/uploads\/2022\/01\/MISCHA-CHRISTEN-AnnaPapst-026-300x200.jpg 300w, https:\/\/annapapst.ch\/wp-content\/uploads\/2022\/01\/MISCHA-CHRISTEN-AnnaPapst-026-768x512.jpg 768w\" sizes=\"auto, (max-width: 1000px) 100vw, 1000px\" \/><\/a><\/p>\n<h2>Biografie<\/h2>\n<p><strong>\u00a0<\/strong><\/p>\n<p><strong>Anna Papst<\/strong>, geboren 1984, aufgewachsen im Z\u00fcrcher Oberland, arbeitet als Regisseurin, Autorin und Dramaturgin. Ihre Theatertexte, die teilweise in lyrischer Form verfasst sind, wurden u.A. am Schauspielhaus Z\u00fcrich, den B\u00fchnen Bern, Centre Culturel Suisse Paris, Bayrische Staatsoper, Theater am Neumarkt aufgef\u00fchrt. Sie war Teilnehmerin des St\u00fcck Labors 2017 und in der Spielzeit 2018 \/2019 Hausautorin an den B\u00fchnen Bern. Neben St\u00fccken f\u00fcr Erwachsene inszeniert Papst regelm\u00e4ssig f\u00fcr ein junges Publikum und arbeitet kollaborativ mit K\u00fcnstler:innen aller Disziplinen zusammen. 2015 entwickelte sie das Format \u201cReportage f\u00fcrs Theater\u201d, mit dem sie tiefsch\u00fcrfende dokumentarische Theaterabende nach dem Prinzip der \u201cenacted oral history\u201d inszeniert. Ihre Inszenierungen waren u.A. \u00a0an der Philharmonie Luxemburg, Luzerner Theater, B\u00fchne Aarau, Theaterdiscounter Berlin, sowie\u00a0 den Theaterfestivals Ruhrtriennale und Theaterspektakel Z\u00fcrich zu sehen.<\/p>\n<p>Im September 2025 feierte die Urauff\u00fchrung des Romans \u201eMaman\u201c von Sylvie Schenk in der Inszenierung von Anna Papst\u00a0 Premi\u00e8re. Papsts Arbeiten \u201eOh yeah!\/Hell no!\u201c, \u201eWie Ida einen Schatz versteckt und Jakob keinen findet\u201c und \u201eMaman\u201c sind in der gesamten Saison 2025\/2026 auf Tournee.<\/p>\n<p>Zur Zeit arbeitet Papst an neuen Inszenierungen mit dem Tonhalle Orchester Z\u00fcrich, dem Luzerner Symphonieorchester und dem multidisziplin\u00e4ren K\u00fcnstler Vincent Glanzmann, sowie an ihrem Lyrikdebut. In der Saison 2026\/2027 arbeitet sie an einem neuen dokumentarischen Langzeitprojekt, das sich mit der Gewalt in der Partnerschaft besch\u00e4ftigt.<\/p>\n<h2>Kontakt<\/h2>\n<p><a href=\"mailto:anna@annapapst.ch\">anna@annapapst.ch<\/a><\/p>\n<h2>Portr\u00e4ts\u00a0in der Presse<\/h2>\n<ul>\n<li><a href=\"https:\/\/annapapst.ch\/wp-content\/uploads\/2026\/04\/Winterthur_-Maman-als-Theaterstueck-im-Kellertheater-_-Tages-Anzeiger-1.pdf\">Interview Tages Anzeiger 2025<\/a><\/li>\n<li><a href=\"https:\/\/annapapst.ch\/wp-content\/uploads\/2026\/04\/Kuenstlerinnenportraet-in-der-Republik-2023.pdf\">Portr\u00e4t in der Republik 2023<\/a><\/li>\n<li><a href=\"https:\/\/update2022.annapapst.ch\/wp-content\/uploads\/2015\/05\/Portr\u00e4t-in-der-NZZ-6.M\u00e4rz-2013.pdf\">Portr\u00e4t in der NZZ 6.M\u00e4rz 2013<\/a><\/li>\n<li><a href=\"https:\/\/update2022.annapapst.ch\/wp-content\/uploads\/2015\/05\/Portr\u00e4t-im-Tagesanzeiger-4.Dezember-2012.pdf\">Portr\u00e4t im Tagesanzeiger 4.Dezember 2012<\/a><\/li>\n<li><a href=\"https:\/\/update2022.annapapst.ch\/wp-content\/uploads\/2015\/05\/Interview-Anna-Papst-Aargauer-Zeitung-11.-Oktober-2012.pdf\">Interview Anna Papst Aargauer Zeitung 11. Oktober 2012<\/a><\/li>\n<\/ul>\n","protected":false},"excerpt":{"rendered":"<p>Biografie \u00a0 Anna Papst, geboren 1984, aufgewachsen im Z\u00fcrcher Oberland, arbeitet als Regisseurin, Autorin und Dramaturgin. Ihre Theatertexte, die teilweise in lyrischer Form verfasst sind, wurden u.A. am Schauspielhaus Z\u00fcrich, den B\u00fchnen Bern, Centre Culturel Suisse Paris, Bayrische Staatsoper, Theater am Neumarkt aufgef\u00fchrt. Sie war Teilnehmerin des St\u00fcck Labors 2017 und in der Spielzeit 2018 [&hellip;]<\/p>\n","protected":false},"author":1,"featured_media":870,"parent":0,"menu_order":0,"comment_status":"closed","ping_status":"closed","template":"","meta":{"footnotes":""},"class_list":["post-53","page","type-page","status-publish","has-post-thumbnail","hentry"],"_links":{"self":[{"href":"https:\/\/annapapst.ch\/index.php?rest_route=\/wp\/v2\/pages\/53","targetHints":{"allow":["GET"]}}],"collection":[{"href":"https:\/\/annapapst.ch\/index.php?rest_route=\/wp\/v2\/pages"}],"about":[{"href":"https:\/\/annapapst.ch\/index.php?rest_route=\/wp\/v2\/types\/page"}],"author":[{"embeddable":true,"href":"https:\/\/annapapst.ch\/index.php?rest_route=\/wp\/v2\/users\/1"}],"replies":[{"embeddable":true,"href":"https:\/\/annapapst.ch\/index.php?rest_route=%2Fwp%2Fv2%2Fcomments&post=53"}],"version-history":[{"count":24,"href":"https:\/\/annapapst.ch\/index.php?rest_route=\/wp\/v2\/pages\/53\/revisions"}],"predecessor-version":[{"id":937,"href":"https:\/\/annapapst.ch\/index.php?rest_route=\/wp\/v2\/pages\/53\/revisions\/937"}],"wp:featuredmedia":[{"embeddable":true,"href":"https:\/\/annapapst.ch\/index.php?rest_route=\/wp\/v2\/media\/870"}],"wp:attachment":[{"href":"https:\/\/annapapst.ch\/index.php?rest_route=%2Fwp%2Fv2%2Fmedia&parent=53"}],"curies":[{"name":"wp","href":"https:\/\/api.w.org\/{rel}","templated":true}]}}